{"id":69,"date":"2014-03-02T01:20:49","date_gmt":"2014-03-02T01:20:49","guid":{"rendered":"http:\/\/www.plationline.eu\/?page_id=69"},"modified":"2019-07-22T10:55:46","modified_gmt":"2019-07-22T07:55:46","slug":"plationline-about-us","status":"publish","type":"page","link":"https:\/\/plationline.eu\/ro\/plationline-about-us\/","title":{"rendered":"PlatiOnline &#8211; Despre Noi"},"content":{"rendered":"<p><strong>PlatiOnline.ro<\/strong> reprezinta inca din 2002 una din cele mai <strong>eficiente si sigure platforme de acceptare si procesare a platilor online <\/strong>dedicate comerciantilor online.<\/p>\n<p>Sistemul nostru integrat de management si gestiune \u00a0a platilor online ofera o solutie de de tranzactionare <strong>rapid\u0103, solid\u0103 \u015fi sigur\u0103<\/strong> care\u00a0 permite gestionarea tranzac\u0163iilor prin\u00a0<strong>opera\u0163ii financiare specifice cardurilor bancare, a platilor online alternative <\/strong>\u00a0precum \u015fi efectuarea de\u00a0<strong>opera\u0163ii de gestiune specifice afacerilor online.<\/strong><\/p>\n<p><strong><a href=\"http:\/\/www.plationline.eu\/assets\/cover_googleplus_po.png\"><img loading=\"lazy\" decoding=\"async\" class=\"alignnone  wp-image-547\" src=\"http:\/\/www.plationline.eu\/assets\/cover_googleplus_po-300x169.png\" alt=\"cover_googleplus_po\" width=\"403\" height=\"233\" \/><\/a>\u00a0<\/strong><\/p>\n<p><strong>PlatiOnline.ro<\/strong> asigura magazinelor online partenere:<\/p>\n<ul>\n<li>servicii complete de management \u015fi monitorizare a vanzarilor online<\/li>\n<li>solutie de procesare a platilor online rapida, solida \u015fi sigura prin integrarea standardelor 3D secure MasterCard Secure Code si Verified By Visa precum si prin <strong>metode propietare de securizare si protectie anti frauda <\/strong>a tranzactiilor online.<\/li>\n<li>certificarea <strong>PCI DSS &#8211; Merchant Services Provider \u2013 Level 1<\/strong> \u015fi certificate de securitate SSL <strong>Extended Validation (Secure Socket Layer).<\/strong><\/li>\n<li>posibilitate generare <strong>Linkuri de Plata<\/strong> direct din platforma \u2013 pentru comunicarile \u00a0comerciale \/ de marketing proprii<\/li>\n<li><strong>integrare gratuite pentru cele mai populare platforme de e-commerce\u00a0<\/strong><\/li>\n<\/ul>\n<p><a href=\"http:\/\/www.plationline.eu\/assets\/pci-certification-level-1.jpg\"><img loading=\"lazy\" decoding=\"async\" class=\"alignnone  wp-image-498\" src=\"http:\/\/www.plationline.eu\/assets\/pci-certification-level-1-300x180.jpg\" alt=\"pci-dss-certification-level-1\" width=\"158\" height=\"98\" \/><\/a><\/p>\n<p><strong>Comisioane competitive pentru multiple metode de acceptare a platilor online<\/strong>:<\/p>\n<ul>\n<li>plata integrala prin card bancar<\/li>\n<li>plata in <strong>rate cu dobanda<\/strong> zero prin card credit<\/li>\n<li>plati online recurente<\/li>\n<li>plata cu login si un singur click<\/li>\n<li>transfer bancar reconciliat si procesat de PlatiOnline<\/li>\n<li>procesare plati prin ordine de plata (cu cod de bare) emise online cu <strong>plata numerar la Posta \u00a0Romana sau Raiffeisen Bank.<\/strong><\/li>\n<li>montorizarea si <strong>procesarea platilor ramburs<\/strong> prin integrarea gratuita a platformei de management a serviciilor de curierat \u00a0<a href=\"http:\/\/www.LivrariOnline.ro\">www.LivrariOnline.ro<\/a><\/li>\n<\/ul>\n<p><strong>\u00a0<\/strong><strong>Integrare gratuita pentru cele mai populare platforme de e-commerce<\/strong> <strong>\/ shopping cart-uri :<\/strong><\/p>\n<p>Magento + Prestashop + Opencart + WooCommerce (WordPress) +ContentSpeed + Shopmania + Joomla ( Virtue Mart) + OsCommerce + nopCommerce + HikaShop + The Cart ( WordPress)<\/p>\n<p>Integrare raprida cu Webeshop prin parteneriatul PlatiOnline &#8211; Webecom<\/p>\n<p><a href=\"http:\/\/www.plationline.eu\/assets\/PO-Shopping-Carts.jpg\"><img loading=\"lazy\" decoding=\"async\" class=\"alignnone  wp-image-555\" src=\"http:\/\/www.plationline.eu\/assets\/PO-Shopping-Carts-300x165.jpg\" alt=\"PO &amp; Shopping Carts\" width=\"375\" height=\"212\" \/><\/a><\/p>\n<p><strong>Dezvoltare customizata sisteme de acceptare si management a platilor online\u00a0 la cerere.<\/strong><\/p>","protected":false},"excerpt":{"rendered":"<p>PlatiOnline.ro reprezinta inca din 2002 una din cele mai eficiente si sigure platforme de acceptare si procesare a platilor online&hellip; <span class=\"full-story\">full story&nbsp;<span class=\"read-more-sign\">&raquo;<\/span><\/span><\/p>\n","protected":false},"author":3,"featured_media":0,"parent":0,"menu_order":1,"comment_status":"closed","ping_status":"closed","template":"sidebar-page.php","meta":{"footnotes":""},"categories":[25,4,9],"class_list":["post-69","page","type-page","status-publish","hentry","category-despre-noi","category-e-commerce-solutions","category-faqs"],"_links":{"self":[{"href":"https:\/\/plationline.eu\/ro\/wp-json\/wp\/v2\/pages\/69","targetHints":{"allow":["GET"]}}],"collection":[{"href":"https:\/\/plationline.eu\/ro\/wp-json\/wp\/v2\/pages"}],"about":[{"href":"https:\/\/plationline.eu\/ro\/wp-json\/wp\/v2\/types\/page"}],"author":[{"embeddable":true,"href":"https:\/\/plationline.eu\/ro\/wp-json\/wp\/v2\/users\/3"}],"replies":[{"embeddable":true,"href":"https:\/\/plationline.eu\/ro\/wp-json\/wp\/v2\/comments?post=69"}],"version-history":[{"count":17,"href":"https:\/\/plationline.eu\/ro\/wp-json\/wp\/v2\/pages\/69\/revisions"}],"predecessor-version":[{"id":728,"href":"https:\/\/plationline.eu\/ro\/wp-json\/wp\/v2\/pages\/69\/revisions\/728"}],"wp:attachment":[{"href":"https:\/\/plationline.eu\/ro\/wp-json\/wp\/v2\/media?parent=69"}],"wp:term":[{"taxonomy":"category","embeddable":true,"href":"https:\/\/plationline.eu\/ro\/wp-json\/wp\/v2\/categories?post=69"}],"curies":[{"name":"wp","href":"https:\/\/api.w.org\/{rel}","templated":true}]}}