{"id":679,"date":"2018-05-23T10:03:59","date_gmt":"2018-05-23T07:03:59","guid":{"rendered":"http:\/\/www.plationline.eu\/?page_id=679"},"modified":"2018-05-30T15:49:09","modified_gmt":"2018-05-30T12:49:09","slug":"romana-seminar-comanda-mea","status":"publish","type":"page","link":"https:\/\/plationline.eu\/ro\/romana-seminar-comanda-mea\/","title":{"rendered":"Calendar Webinars"},"content":{"rendered":"<p><\/p>\n<h3 style=\"font-weight: 400;\"><strong>6 Iunie 2018 ora 15:15<\/strong> \u2013 #CandAjungeComandaMea?<\/h3>\n<p style=\"font-weight: 400;\">Prezentarea sistemului Click&amp;Collect un serviciu complet, rapid \u0219i eficient de pl\u0103\u021bi \u0219i livr\u0103ri online.<\/p>\n<p style=\"font-weight: 400;\"><strong>Cui se adreseaz\u0103?<\/strong><\/p>\n<p style=\"font-weight: 400;\">Serviciile noastre PlatiOnline.ro \u0219i LivrariOnline.ro se adreseaz\u0103 tuturor operatorilor de magazine online, at\u00e2t celor noi c\u00e2t \u0219i celor cu experien\u021b\u0103, care doresc s\u0103 ofere clien\u021bilor lor cele mai moderne metode de pl\u0103\u021bi \u0219i livr\u0103ri online.<\/p>\n<p style=\"font-weight: 400;\"><strong>Despre ce vorbim?<\/strong><\/p>\n<p style=\"font-weight: 400;\">V\u0103 vom explica \u00een am\u0103nunt sistemele noastre, avantajele pe care le au, mecanismele de utilizare, beneficiile pe care le aduc precum \u0219i orice \u00eentreb\u0103ri ave\u021bi legate de subiectele tratate.<\/p>\n<p><a style=\"background: #ee3e26; color: #fff; padding: 0.5em 2em; font-size: 16px;\" href=https:\/\/zoom.us\/meeting\/register\/6f77c5c3dbf511108c34be5db4a05ad8\">\u00cenregistare<\/a><\/p>\n<hr \/>\n<h3 style=\"font-weight: 400;\"><strong>4 Iulie 2018 ora 15:15<\/strong> \u2013 Prezentarea sistemului E-Wallet Plati.online<\/h3>\n<p style=\"font-weight: 400;\">MyAccount E-Wallet Plati.online<\/p>\n<p style=\"font-weight: 400;\"><strong>Cui se adreseaz\u0103?<\/strong><\/p>\n<p style=\"font-weight: 400;\">Serviciul MyAccount E-Wallet Plati.online se adreseaz\u0103 comercian\u021bilor \u00eenrola\u021bi in sistemul PlatiOnline<\/p>\n<p style=\"font-weight: 400;\"><strong>Despre ce vorbim?<\/strong><\/p>\n<p style=\"font-weight: 400;\">V\u0103 vom explica \u00een am\u0103nunt avantajele pe care le aduce precum \u0219i orice \u00eentreb\u0103ri ave\u021bi legate de sistemul e-commerce PlatiOnline.<\/p>\n<p><a style=\"background: #ee3e26; color: #fff; padding: 0.5em 2em; font-size: 16px;\" href=\"https:\/\/zoom.us\/meeting\/register\/0a3337a311580c60c5b9141539e44ee6\">\u00cenregistare<\/a><\/p>\n<hr \/>\n<p><\/p>","protected":false},"excerpt":{"rendered":"<p>6 Iunie 2018 ora 15:15 \u2013 #CandAjungeComandaMea? Prezentarea sistemului Click&amp;Collect un serviciu complet, rapid \u0219i eficient de pl\u0103\u021bi \u0219i livr\u0103ri&hellip; <span class=\"full-story\">full story&nbsp;<span class=\"read-more-sign\">&raquo;<\/span><\/span><\/p>\n","protected":false},"author":5,"featured_media":0,"parent":0,"menu_order":0,"comment_status":"closed","ping_status":"closed","template":"","meta":{"footnotes":""},"categories":[],"class_list":["post-679","page","type-page","status-publish","hentry"],"_links":{"self":[{"href":"https:\/\/plationline.eu\/ro\/wp-json\/wp\/v2\/pages\/679","targetHints":{"allow":["GET"]}}],"collection":[{"href":"https:\/\/plationline.eu\/ro\/wp-json\/wp\/v2\/pages"}],"about":[{"href":"https:\/\/plationline.eu\/ro\/wp-json\/wp\/v2\/types\/page"}],"author":[{"embeddable":true,"href":"https:\/\/plationline.eu\/ro\/wp-json\/wp\/v2\/users\/5"}],"replies":[{"embeddable":true,"href":"https:\/\/plationline.eu\/ro\/wp-json\/wp\/v2\/comments?post=679"}],"version-history":[{"count":33,"href":"https:\/\/plationline.eu\/ro\/wp-json\/wp\/v2\/pages\/679\/revisions"}],"predecessor-version":[{"id":723,"href":"https:\/\/plationline.eu\/ro\/wp-json\/wp\/v2\/pages\/679\/revisions\/723"}],"wp:attachment":[{"href":"https:\/\/plationline.eu\/ro\/wp-json\/wp\/v2\/media?parent=679"}],"wp:term":[{"taxonomy":"category","embeddable":true,"href":"https:\/\/plationline.eu\/ro\/wp-json\/wp\/v2\/categories?post=679"}],"curies":[{"name":"wp","href":"https:\/\/api.w.org\/{rel}","templated":true}]}}