{"id":62,"date":"2012-08-09T00:50:57","date_gmt":"2012-08-09T00:50:57","guid":{"rendered":"http:\/\/www.plationline.eu\/?page_id=62"},"modified":"2012-09-08T15:16:51","modified_gmt":"2012-09-08T15:16:51","slug":"our-offer","status":"publish","type":"page","link":"https:\/\/plationline.eu\/ro\/our-offer\/","title":{"rendered":"Our offer"},"content":{"rendered":"<p>Sistemul Pl\u0103\u0163iOnline.ro v\u0103 ofer\u0103 servicii de management \u015fi monitorizare a v\u00e2nz\u0103rilor online dezvoltate pe experien\u0163a \u015fi competen\u0163ele acumulate \u00een mai bine de 8 ani de v\u00e2nz\u0103ri online.<br \/>\nPl\u0103\u0163iOnline.ro este un sistem de gestiune a tranzac\u0163iilor electronice efectuate cu carduri bancare emise sub sigla Mastercard \u015fi Visa.<br \/>\nOferim comercian\u0163ilor o solu\u0163ie de tranzac\u0163ionare rapid\u0103, solid\u0103 \u015fi sigur\u0103 prin metode de securitate proprietare Pl\u0103\u0163i Online, certificarea <strong>PCI DSS &#8211; Merchant Services Provider<\/strong> \u015fi certificate de securitate <strong>SSL Extended Validation<\/strong> (Secure Socket Layer).<br \/>\nSistemul nostru permite gestionarea tranzac\u0163iilor prin <strong>opera\u0163ii financiare specifice cardurilor bancare<\/strong> \u015fi efectuarea de <strong>opera\u0163ii de gestiune specifice afacerilor online<\/strong>.<br \/>\nPl\u0103\u0163i Online folose\u015fte standardele 3D MasterCard SecureCode \u015fi Verified By Visa ce \u00eempiedic\u0103 \u015fi limiteaz\u0103 tranzac\u0163iile neautorizate pe Internet.<br \/>\nAceste standarde reprezint\u0103 rezultatul eforturilor organiza\u0163iilor interna\u0163ionale Visa\/Mastercard de a minimaliza frauda online, protej\u00e2nd at\u00e2t de\u0163in\u0103torii de card c\u00e2t \u015fi comercian\u0163ii care ofer\u0103 posibilitatea pl\u0103\u0163ii online.<br \/>\nPentru serviciile noastre oferim cele mai competitive tarife existente pe pia\u0163\u0103.<\/p>\n<table width=\"100%\" cellspacing=\"2\" cellpadding=\"1\">\n<colgroup>\n<col width=\"30%\" \/> <\/colgroup>\n<tbody>\n<tr>\n<th><\/th>\n<th colspan=\"3\">Serviciile Pl\u0103\u0163i Online<\/th>\n<\/tr>\n<tr>\n<td>Func\u0163ionalit\u0103\u0163i<\/td>\n<td><strong>PO Standard<\/strong><\/td>\n<td><strong>PO Premium<\/strong><\/td>\n<td><strong><a href=\"https:\/\/www.plationline.ro\/pages\/solutii-e-commerce\/po-dedicat.php\">PO Dedicat<\/a><\/strong><\/td>\n<\/tr>\n<tr>\n<td><a href=\"http:\/\/www.plationline.ro\/pages\/solutii-e-commerce\/oferta-plati-online\/interfata-de-administrare.php\">Interfa\u0163a de administrare<\/a><\/td>\n<td>Standard<\/td>\n<td>Standard<\/td>\n<td>Dedicat<\/td>\n<\/tr>\n<tr>\n<td><a href=\"http:\/\/www.plationline.ro\/pages\/solutii-e-commerce\/oferta-plati-online\/securitate-si-certificari.php\">Securitate \u015fi certific\u0103ri<\/a><\/td>\n<td>Standard<\/td>\n<td>Standard<\/td>\n<td>Dedicat<\/td>\n<\/tr>\n<tr>\n<td><a href=\"http:\/\/www.plationline.ro\/pages\/solutii-e-commerce\/oferta-plati-online\/metode-de-conectare.php\">Metode de conectare<\/a><\/td>\n<td>Standard<\/td>\n<td>Standard<\/td>\n<td>Dedicat<\/td>\n<\/tr>\n<tr>\n<td><a href=\"http:\/\/www.plationline.ro\/pages\/solutii-e-commerce\/oferta-plati-online\/metode-de-conectare\/instalare-modul-plati-online.php\">Instalare modul Pl\u0103\u0163i Online<\/a><\/td>\n<td>Gratuit\u0103<\/td>\n<td>Gratuit\u0103<\/td>\n<td>Dedicat<\/td>\n<\/tr>\n<tr>\n<td><a href=\"http:\/\/www.plationline.ro\/pages\/solutii-e-commerce\/oferta-plati-online\/metode-de-conectare\/buton-de-plata.php\">Buton de plat\u0103<\/a><\/td>\n<td>Bunuri,<br \/>\nServicii,<br \/>\nTurism<\/td>\n<td>Bunuri,<br \/>\nServicii,<br \/>\nTurism,<br \/>\nLicita\u0163ii<\/td>\n<td>Bunuri,<br \/>\nServicii,<br \/>\nTurism,<br \/>\nLicita\u0163ii,<br \/>\nDona\u0163ii<\/td>\n<\/tr>\n<tr>\n<td><a href=\"http:\/\/www.plationline.ro\/pages\/solutii-e-commerce\/oferta-plati-online\/suport-gratuit-pentru-clienti.php\">Suport gratuit pentru clien\u0163i<\/a><\/td>\n<td>E-mail,<br \/>\nTelefon,<br \/>\nLive-chat<\/td>\n<td>E-mail,<br \/>\nTelefon,<br \/>\nLive-chat<\/td>\n<td>E-mail,<br \/>\nTelefon,<br \/>\nLive-chat<\/td>\n<\/tr>\n<tr>\n<td><a href=\"http:\/\/www.plationline.ro\/pages\/solutii-e-commerce\/oferta-plati-online\/sigla-comerciant-plati-online.php\">Sigla Comerciant Pl\u0103\u0163i Online<\/a><\/td>\n<td>Inclus<\/td>\n<td>Inclus<\/td>\n<td>Dedicat<\/td>\n<\/tr>\n<tr>\n<td><a href=\"http:\/\/www.plationline.ro\/pages\/solutii-e-commerce\/oferta-plati-online\/sistem-anti-frauda-plati-online.php\">Sistem Anti-Fraud\u0103 Pl\u0103\u0163i Online<\/a><\/td>\n<td>Standard<\/td>\n<td>Standard<\/td>\n<td>Dedicat<\/td>\n<\/tr>\n<tr>\n<td><a href=\"http:\/\/www.plationline.ro\/pages\/solutii-e-commerce\/oferta-plati-online\/cos-de-produse.php\">Co\u015f de cump\u0103r\u0103turi<br \/>\n<\/a><\/td>\n<td>Standard<\/td>\n<td>Standard<\/td>\n<td>Dedicat<\/td>\n<\/tr>\n<tr>\n<td><a href=\"http:\/\/www.plationline.ro\/pages\/solutii-e-commerce\/oferta-plati-online\/audit-functional-licitatii-online.php\">Audit func\u0163ional Licita\u0163ii Online<\/a><\/td>\n<td>&#8211;<\/td>\n<td>Inclus<\/td>\n<td>Dedicat<\/td>\n<\/tr>\n<tr>\n<td><a href=\"http:\/\/www.plationline.ro\/pages\/solutii-e-commerce\/oferta-plati-online\/metode-de-conectare\/virtual-terminal.php\">Virtual terminal<\/a><\/td>\n<td>&#8211;<\/td>\n<td>&#8211;<\/td>\n<td>Dedicat<\/td>\n<\/tr>\n<tr>\n<td><a href=\"http:\/\/www.plationline.ro\/pages\/solutii-e-commerce\/oferta-plati-online\/plati-online-recurente.php\">Pl\u0103\u0163i Online Recurente<\/a><\/td>\n<td>&#8211;<\/td>\n<td>&#8211;<\/td>\n<td>Dedicat<\/td>\n<\/tr>\n<tr>\n<td><a href=\"http:\/\/www.plationline.ro\/pages\/solutii-e-commerce\/oferta-plati-online\/cont-live-chat-www.svd.ro.php\">Cont Live-Chat WWW.SVD.RO<\/a><\/td>\n<td>Inclus<\/td>\n<td>Inclus<\/td>\n<td>Inclus<\/td>\n<\/tr>\n<tr>\n<td><a href=\"http:\/\/www.plationline.ro\/pages\/solutii-e-commerce\/oferta-plati-online\/cont-cmesseger.php\">Cont CMesseger<\/a><\/td>\n<td>Inclus<\/td>\n<td>Inclus<\/td>\n<td>Inclus<\/td>\n<\/tr>\n<tr>\n<td><a href=\"http:\/\/www.plationline.ro\/pages\/solutii-e-commerce\/oferta-plati-online\/servicii-call-center.php\">Servicii Call Center<\/a><\/td>\n<td>&#8211;<\/td>\n<td>&#8211;<\/td>\n<td>Dedicat<\/td>\n<\/tr>\n<tr>\n<td><a href=\"http:\/\/www.plationline.ro\/pages\/solutii-e-commerce\/oferta-plati-online\/certificat-securitate.php\">Certificat securitate<\/a><\/td>\n<td>SSL EV<\/td>\n<td>SSL EV<\/td>\n<td>SSL EV<\/td>\n<\/tr>\n<tr>\n<td><a href=\"http:\/\/www.plationline.ro\/pages\/solutii-e-commerce\/oferta-plati-online\/livrarionline.ro.php\">Livr\u0103riOnline.ro<\/a><\/td>\n<td>Standard<\/td>\n<td>Standard<\/td>\n<td>Dedicat<\/td>\n<\/tr>\n<\/tbody>\n<\/table>\n<p><a title=\"Informa\u0163ii suplimentare\" name=\"mmd\" href=\"https:\/\/www.plationline.ro\/pages\/solutii-e-commerce\/oferta-plati-online.php#\"><\/a><\/p>\n","protected":false},"excerpt":{"rendered":"<p>Sistemul Pl\u0103\u0163iOnline.ro v\u0103 ofer\u0103 servicii de management \u015fi monitorizare a v\u00e2nz\u0103rilor online dezvoltate pe experien\u0163a \u015fi competen\u0163ele acumulate \u00een mai&hellip; <span class=\"full-story\">full story&nbsp;<span class=\"read-more-sign\">&raquo;<\/span><\/span><\/p>\n","protected":false},"author":3,"featured_media":0,"parent":0,"menu_order":0,"comment_status":"closed","ping_status":"closed","template":"sidebar-page.php","meta":{"footnotes":""},"categories":[],"class_list":["post-62","page","type-page","status-publish","hentry"],"_links":{"self":[{"href":"https:\/\/plationline.eu\/ro\/wp-json\/wp\/v2\/pages\/62","targetHints":{"allow":["GET"]}}],"collection":[{"href":"https:\/\/plationline.eu\/ro\/wp-json\/wp\/v2\/pages"}],"about":[{"href":"https:\/\/plationline.eu\/ro\/wp-json\/wp\/v2\/types\/page"}],"author":[{"embeddable":true,"href":"https:\/\/plationline.eu\/ro\/wp-json\/wp\/v2\/users\/3"}],"replies":[{"embeddable":true,"href":"https:\/\/plationline.eu\/ro\/wp-json\/wp\/v2\/comments?post=62"}],"version-history":[{"count":5,"href":"https:\/\/plationline.eu\/ro\/wp-json\/wp\/v2\/pages\/62\/revisions"}],"predecessor-version":[{"id":489,"href":"https:\/\/plationline.eu\/ro\/wp-json\/wp\/v2\/pages\/62\/revisions\/489"}],"wp:attachment":[{"href":"https:\/\/plationline.eu\/ro\/wp-json\/wp\/v2\/media?parent=62"}],"wp:term":[{"taxonomy":"category","embeddable":true,"href":"https:\/\/plationline.eu\/ro\/wp-json\/wp\/v2\/categories?post=62"}],"curies":[{"name":"wp","href":"https:\/\/api.w.org\/{rel}","templated":true}]}}