{"id":43,"date":"2012-08-08T22:37:10","date_gmt":"2012-08-08T22:37:10","guid":{"rendered":"http:\/\/www.plationline.eu\/?page_id=43"},"modified":"2015-06-04T14:35:24","modified_gmt":"2015-06-04T14:35:24","slug":"about-fraud-prevention","status":"publish","type":"page","link":"https:\/\/plationline.eu\/ro\/about-fraud-prevention\/","title":{"rendered":"Despre prevenirea fraudei"},"content":{"rendered":"<p>Sistemul Pl\u0103\u0163i Online este angajat s\u0103 protejeze informa\u0163iile clien\u0163ilor \u015fi s\u0103 combat\u0103 activ frauda.<\/p>\n<p>Dezvoltarea sistemului Pl\u0103\u0163iOnline.ro a \u00eenceput \u00een luna mai 2002, cu misiunea de a furniza cele mai sigure \u015fi de \u00eencredere solu\u0163ii de plat\u0103 online pentru comercian\u0163ii din lumea \u00eentreag\u0103 \u015fi clien\u0163ii acestora.<\/p>\n<p>Pentru a realiza acest lucru, C Solution S.R.L. dedic\u0103 resurse importante pentru o infrastructur\u0103 puternic\u0103 \u015fi ader\u0103 la propriile politici stricte de securitate intern\u0103 <a href=\"https:\/\/www.plationline.ro\/pages\/solutii-e-commerce\/despre-prevenirea-fraudei.php\">ARGUS<\/a>, la ini\u0163iativele de securitate specifice industriei &#8211; PCI DSS \u015fi la multiplele ini\u0163iative de securitate guvernamentale.<\/p>\n<p>Baz\u00e2ndu-ne pe experien\u0163a vast\u0103 \u00een domeniul protec\u0163iei anti-fraud\u0103, Pl\u0103\u0163i Online a dezvoltat sistemul <a href=\"https:\/\/www.plationline.ro\/pages\/solutii-e-commerce\/despre-prevenirea-fraudei.php\">ARGUS<\/a> pentru detectarea \u015fi prevenirea fraudei online, optimizat permanent pe domenii de activitate.<\/p>\n<p>Cu Pl\u0103\u0163i Online de la C Solution SRL, clien\u0163ii pot avea \u00eencredere c\u0103 datele lor sunt securizate. Sistemul nostru utilizeaz\u0103 tehnologii \u015fi protocoale de v\u00e2rf din domeniu, cum ar fi certificatele de securitate <strong>SSL Extended Validation<\/strong>.<\/p>\n<p>Aderarea la PCI DSS: <a href=\"http:\/\/www.plationline.ro\/media\/certificare\/S.C.%20C%20Soluition%20S.R.L.%20Compliance%20Certificate%20100309.pdf\"> Certificarea PCI DSS oferit\u0103 de TrustWave 11-Feb-2009<\/a><\/p>\n<p><a href=\"http:\/\/www.plationline.ro\/media\/certificare\/ViewComplianceCertificate_21_mai_2009.pdf\">Certificate Number: 14E2-07FF-F0CC-5066<\/a><\/p>\n<p>Chiar \u015fi fa\u0163\u0103 de cei mai profesioni\u015fti furnizori de servicii de pl\u0103\u0163i, care de\u0163in un departament anti-fraud\u0103 \u015fi care urm\u0103resc \u00eendeaproape fiecare tranzac\u0163ie \u015fi folosesc \u00een acest sens algoritmi de detec\u0163ie avansa\u0163i, sistemul nostru este mai sigur. Mul\u0163i dintre clien\u0163ii no\u015ftri au \u00eent\u00e2mpinat probleme cu precedentul furnizor de servicii de pl\u0103\u0163i, pierz\u00e2nd numeroase tranzac\u0163ii din cauza sistemul imperfect de detec\u0163ie a fraudei.<\/p>\n<p>Studiile noastre arat\u0103 faptul c\u0103 jum\u0103tate din comenzi sunt refuzate din cauza algoritmilor de protec\u0163ie anti-fraud\u0103, fapt ce poate fi prevenit prin filtrarea manual\u0103. Avem numero\u015fi angaja\u0163i, profesioni\u015fti \u00een acest domeniu, care pot separa clien\u0163ii corec\u0163i de cei fraudulo\u015fi, astfel \u00eenc\u00e2t un num\u0103r c\u00e2t mai mare de tranzac\u0163ii va putea fi finalizat.<\/p>","protected":false},"excerpt":{"rendered":"<p>Sistemul Pl\u0103\u0163i Online este angajat s\u0103 protejeze informa\u0163iile clien\u0163ilor \u015fi s\u0103 combat\u0103 activ frauda. Dezvoltarea sistemului Pl\u0103\u0163iOnline.ro a \u00eenceput \u00een&hellip; <span class=\"full-story\">full story&nbsp;<span class=\"read-more-sign\">&raquo;<\/span><\/span><\/p>\n","protected":false},"author":3,"featured_media":0,"parent":0,"menu_order":0,"comment_status":"closed","ping_status":"closed","template":"sidebar-page.php","meta":{"footnotes":""},"categories":[25,4],"class_list":["post-43","page","type-page","status-publish","hentry","category-despre-noi","category-e-commerce-solutions"],"_links":{"self":[{"href":"https:\/\/plationline.eu\/ro\/wp-json\/wp\/v2\/pages\/43","targetHints":{"allow":["GET"]}}],"collection":[{"href":"https:\/\/plationline.eu\/ro\/wp-json\/wp\/v2\/pages"}],"about":[{"href":"https:\/\/plationline.eu\/ro\/wp-json\/wp\/v2\/types\/page"}],"author":[{"embeddable":true,"href":"https:\/\/plationline.eu\/ro\/wp-json\/wp\/v2\/users\/3"}],"replies":[{"embeddable":true,"href":"https:\/\/plationline.eu\/ro\/wp-json\/wp\/v2\/comments?post=43"}],"version-history":[{"count":15,"href":"https:\/\/plationline.eu\/ro\/wp-json\/wp\/v2\/pages\/43\/revisions"}],"predecessor-version":[{"id":581,"href":"https:\/\/plationline.eu\/ro\/wp-json\/wp\/v2\/pages\/43\/revisions\/581"}],"wp:attachment":[{"href":"https:\/\/plationline.eu\/ro\/wp-json\/wp\/v2\/media?parent=43"}],"wp:term":[{"taxonomy":"category","embeddable":true,"href":"https:\/\/plationline.eu\/ro\/wp-json\/wp\/v2\/categories?post=43"}],"curies":[{"name":"wp","href":"https:\/\/api.w.org\/{rel}","templated":true}]}}