{"id":41,"date":"2012-08-08T22:36:41","date_gmt":"2012-08-08T22:36:41","guid":{"rendered":"http:\/\/www.plationline.eu\/?page_id=41"},"modified":"2013-01-24T22:56:57","modified_gmt":"2013-01-24T22:56:57","slug":"acum-puteti-incasa-numerar-prin-posta-romana","status":"publish","type":"page","link":"https:\/\/plationline.eu\/ro\/acum-puteti-incasa-numerar-prin-posta-romana\/","title":{"rendered":"Cash payment at Po\u0219ta Rom\u00e2n\u0103"},"content":{"rendered":"<p>Ne dorim ca afacerea s\u0103 v\u0103 \u00eenfloreasc\u0103, a\u015fa c\u0103 ne adapt\u0103m constant nevoilor dumneavoastr\u0103. Prin urmare, ne face pl\u0103cere s\u0103 v\u0103 anun\u0163\u0103m c\u0103 am activat o nou\u0103 modalitate de \u00eencasare a facturilor si a comenzilor online. Este vorba despre <strong>serviciul de procesare a pl\u0103\u0163ilor \u00een re\u0163eaua Po\u015fta Rom\u00e2n\u0103<\/strong>, pe care C Solution \u00eel lanseaz\u0103 \u00een luna februarie 2012.<br \/>\nMai exact, ve\u0163i putea oferi clien\u0163ilor dumneavoastr\u0103 posibilitatea de a-\u015fi achita numerar contravaloarea comenzilor\/facturilor la ghiseul oficiilor po\u015ftale, <strong>simplu, u\u015for \u015fi rapid<\/strong>. Ace\u015ftia vor primi online, via e-mail \u015fi SMS, toate informa\u0163iile necesare pentru finalizarea pl\u0103\u0163ii, iar dumneavoastr\u0103 ve\u0163i fi \u00een permanen\u0163\u0103 informa\u0163i asupra st\u0103rii tranzac\u0163iei.<br \/>\nNoua metod\u0103 de plata este complementar\u0103 op\u0163iunii de plat\u0103 online cu cardul bancar \u015fi se adreseaz\u0103 clien\u0163ilor care prefer\u0103 achitarea \u00een numerar (cu bani cash) a facturilor, cump\u0103r\u0103turilor sau serviciilor online. Serviciul \u00ee\u015fi propune s\u0103 eficientizeze sistemul de procesare a pl\u0103\u0163ilor in numerar \u015fi s\u0103 \u00eembun\u0103t\u0103\u021beasc\u0103 rela\u021bia comerciant-client, \u00een condi\u0163ii maxime de <strong>\u00eencredere, profesionalism \u015fi siguran\u0163\u0103<\/strong>.<\/p>\n<h2>Cum func\u0163ioneaz\u0103 noul serviciu<\/h2>\n<p>Odat\u0103 plasat\u0103 comanda pe site, clientul poate opta pentru efectuarea pl\u0103\u0163ii prin po\u015ft\u0103, select\u00e2nd c\u00e2mpul \u201e<strong>Plata numerar la ghi\u015feul Po\u015fta Rom\u00e2n\u0103<\/strong>\u201d de pe formularul de comand\u0103. Sistemul <a title=\"www.plationline.ro\" href=\"http:\/\/www.plationline.ro\">Pl\u0103\u021biOnline<\/a> \u00eei va afi\u015fa imediat formularul de plat\u0103, trimi\u0163\u00e2ndu-i prin e-mail \u015fi SMS pagina cu codul de bare. Cu aceast\u0103 pagin\u0103 printat\u0103, clientul se va prezenta la oficiul po\u015ftal cel mai apropiat, unde va putea achita cu numerar.<br \/>\n\u00cenregistrarea pl\u0103\u0163ii in sistemul PlatiOnline se realizeaz\u0103 zilnic la orele 14:00 si 17:00, moment \u00een care v\u0103 vom notifica automat \u2013 prin serviciul <strong>ITSN<\/strong> (Instant Tranzaction Status Notification) \u2013 asupra tranzactiilor \u00eencasate, pentru ca dumneavoastr\u0103 s\u0103 pute\u021bi \u00eencepe livrarea comenzilor c\u0103tre clienti sau s\u0103 presta\u0163i serviciile solicitate.<\/p>\n<h2>Avantajele comerciantilor<\/h2>\n<h3>\u00ba\u00a0Monitorizare constant\u0103 a st\u0103rii tranzac\u0163iei<\/h3>\n<p>Dup\u0103 plasarea comenzii, tranzac\u0163ia intr\u0103 \u00een starea \u201e\u00cen curs de \u00eencasare la Po\u015fta Rom\u00e2n\u0103\u201d p\u00e2n\u0103 c\u00e2nd plata va fi efectuat\u0103. Clientul are acum la dispozi\u0163ie un interval de 4 zile calendaristice pentru a achita suma respectiv\u0103. \u00cen caz contrar, comanda va deveni inactiv\u0103, iar tranzac\u0163ia \u00ee\u015fi va modifica starea \u00een \u201eExpirat\u0103\u201d.<\/p>\n<h3>\u00ba\u00a0\u00cen\u015ftiin\u0163are prompt\u0103 a realiz\u0103rii pl\u0103\u0163ii<\/h3>\n<p>C\u00e2nd achitarea comenzii va fi \u00eenregistrat\u0103, tranzac\u0163ia va trece imediat \u00een starea \u201e<strong>\u00cencasat\u0103<\/strong>\u201d. Serviciul ITSN v\u0103 va informa automat asupra acestei modific\u0103ri, pentru a putea \u00eencepe livrarea comenzii.<\/p>\n<h2>Avantajele clien\u0163ilor dumneavoastr\u0103<\/h2>\n<h3>\u00bb\u00a0Interfa\u0163\u0103 <a title=\"www.plationline.ro\" href=\"http:\/\/www.plationline.ro\">Pl\u0103\u021biOnline<\/a> u\u015for de utilizat<\/h3>\n<p>Formularul de comand\u0103 con\u0163ine c\u00e2mpul \u201e<strong>Plata la ghi\u015feul Po\u015fta Rom\u00e2n\u0103<\/strong>\u201d, ce poate fi selectat de c\u0103tre clien\u0163ii care prefer\u0103 acest tip de rambursare. Dup\u0103 bifarea acestei op\u0163iuni, sistemul nostru va afi\u015fa pe ecran formularul de plat\u0103.<\/p>\n<h3>\u00bb\u00a0Simplitate \u00een efectuarea pl\u0103\u0163ii<\/h3>\n<p><a title=\"www.plationline.ro\" href=\"http:\/\/www.plationline.ro\">Pl\u0103\u021biOnline<\/a> va trimite clien\u0163ilor codul de bare at\u00e2t prin SMS, c\u00e2t \u015fi prin e-mail, pentru a putea fi printat. Plata se va face la ghi\u015feul po\u015ftal, unde nu este necesar\u0103 dec\u00e2t pagina printat\u0103 cu codul de bare, f\u0103r\u0103 completarea vreunui formular adi\u0163ional.<\/p>\n<h3>\u00bb\u00a0Confirmare a \u00eenregistr\u0103rii pl\u0103\u0163ii<\/h3>\n<p>Dup\u0103 achitarea sumei, clientul va fi informat prin SMS c\u0103 <a title=\"www.plationline.ro\" href=\"http:\/\/www.plationline.ro\">Pl\u0103\u021biOnline<\/a> a \u00eenregistrat plata. Ulterior urmeaz\u0103 livrarea comenzii, \u00een condi\u0163iile convenite \u00eempreun\u0103 cu comerciantul.<\/p>\n","protected":false},"excerpt":{"rendered":"<p>Ne dorim ca afacerea s\u0103 v\u0103 \u00eenfloreasc\u0103, a\u015fa c\u0103 ne adapt\u0103m constant nevoilor dumneavoastr\u0103. Prin urmare, ne face pl\u0103cere s\u0103&hellip; <span class=\"full-story\">full story&nbsp;<span class=\"read-more-sign\">&raquo;<\/span><\/span><\/p>\n","protected":false},"author":3,"featured_media":0,"parent":0,"menu_order":0,"comment_status":"closed","ping_status":"closed","template":"sidebar-page.php","meta":{"footnotes":""},"categories":[4],"class_list":["post-41","page","type-page","status-publish","hentry","category-e-commerce-solutions"],"_links":{"self":[{"href":"https:\/\/plationline.eu\/ro\/wp-json\/wp\/v2\/pages\/41","targetHints":{"allow":["GET"]}}],"collection":[{"href":"https:\/\/plationline.eu\/ro\/wp-json\/wp\/v2\/pages"}],"about":[{"href":"https:\/\/plationline.eu\/ro\/wp-json\/wp\/v2\/types\/page"}],"author":[{"embeddable":true,"href":"https:\/\/plationline.eu\/ro\/wp-json\/wp\/v2\/users\/3"}],"replies":[{"embeddable":true,"href":"https:\/\/plationline.eu\/ro\/wp-json\/wp\/v2\/comments?post=41"}],"version-history":[{"count":6,"href":"https:\/\/plationline.eu\/ro\/wp-json\/wp\/v2\/pages\/41\/revisions"}],"predecessor-version":[{"id":216,"href":"https:\/\/plationline.eu\/ro\/wp-json\/wp\/v2\/pages\/41\/revisions\/216"}],"wp:attachment":[{"href":"https:\/\/plationline.eu\/ro\/wp-json\/wp\/v2\/media?parent=41"}],"wp:term":[{"taxonomy":"category","embeddable":true,"href":"https:\/\/plationline.eu\/ro\/wp-json\/wp\/v2\/categories?post=41"}],"curies":[{"name":"wp","href":"https:\/\/api.w.org\/{rel}","templated":true}]}}