{"id":36,"date":"2012-08-08T21:54:37","date_gmt":"2012-08-08T21:54:37","guid":{"rendered":"http:\/\/www.plationline.eu\/?page_id=36"},"modified":"2012-08-09T01:09:19","modified_gmt":"2012-08-09T01:09:19","slug":"dedicated-po-2","status":"publish","type":"page","link":"https:\/\/plationline.eu\/ro\/dedicated-po-2\/","title":{"rendered":"Dedicated PO"},"content":{"rendered":"<p>Activ\u00e2nd \u00eentr-o lume a afacerilor extrem de dinamic\u0103 \u015fi, mai ales, \u00eentr-un mediu dominat de schimbare \u015fi inova\u0163ie, compania C Solution SRL folose\u015fte cele mai avansate tehnologii \u00een domeniu \u015fi pune accentul pe optimizarea raportului cost \/ performan\u0163\u0103.<\/p>\n<h2>Misiunea C Solution<\/h2>\n<p>Misiunea C Solution este satisfacerea integral\u0103 a cerin\u0163elor clien\u0163ilor s\u0103i, prin furnizarea prompt\u0103 de produse \u015fi servicii de o calitate excelent\u0103, la pre\u0163uri competitive, prin proiectarea sistemelor \u015fi aplica\u0163iilor la un \u00eenalt nivel tehnic, astfel \u00eenc\u00e2t problemele \u015fi cererile din partea acestora s\u0103 poat\u0103 fi tratate rapid \u015fi eficient.<\/p>\n<h2>Avantajele PO Dedicat<\/h2>\n<p>Modulele Pl\u0103\u0163i Online dezvoltate \u015fi implementate special pentru clien\u0163ii no\u015ftri au f\u0103cut ca activitatea s\u0103 se desf\u0103\u015foare mai rapid, s\u0103 fie mai organizat\u0103 \u015fi mai structurat\u0103 \u015fi cu siguran\u0163\u0103 mai productiv\u0103. Aceste avantaje se reflect\u0103 direct \u00een cre\u015fterea gradului de safisfacere al clien\u0163ilor companiei, \u00een sc\u0103derea costurilor \u015fi cre\u015fterea profitului \u015fi a cifrei de afaceri.<br \/>\nDe asemenea, prin implementarea de solu\u0163ii dedicate, a crescut \u015fi eficien\u0163a personalului companiilor, rezultatele imediate fiind mic\u015forarea substan\u0163ial\u0103 a timpului necesar realiz\u0103rii activit\u0103\u0163ilor specifice companiilor \u00een cauz\u0103.<\/p>\n<h2>Dar de ce ai solicita Pl\u0103\u0163i Online Dedicat, care va necesita un timp de implementare ceva mai lung, c\u00e2nd po\u0163i recurge la un software &#8222;la gata&#8221;?<\/h2>\n<p>Pentru c\u0103, din experien\u0163a noastr\u0103, fiecare companie are modul propriu de lucru, cu particularit\u0103\u0163ile \u015fi caracteristicile domeniului de activitate, iar solu\u0163ia <strong>Pl\u0103\u0163i Online Dedicat<\/strong> are avantajul de a se adapta tuturor acestor particularit\u0103\u0163i, lucru pe care un software &#8222;la gata&#8221; \u00eel poate realiza mai greu.<br \/>\nCu alte cuvinte, dac\u0103 ai inten\u0163ii serioase \u00een legatur\u0103 cu afacerea ta online, te invit\u0103m s\u0103 ne contactezi pentru solu\u0163ia <strong>Pl\u0103\u0163i Online Dedicat<\/strong> dezvoltat\u0103 special pentru afacerea ta.<\/p>\n","protected":false},"excerpt":{"rendered":"<p>Activ\u00e2nd \u00eentr-o lume a afacerilor extrem de dinamic\u0103 \u015fi, mai ales, \u00eentr-un mediu dominat de schimbare \u015fi inova\u0163ie, compania C&hellip; <span class=\"full-story\">full story&nbsp;<span class=\"read-more-sign\">&raquo;<\/span><\/span><\/p>\n","protected":false},"author":3,"featured_media":0,"parent":0,"menu_order":0,"comment_status":"closed","ping_status":"closed","template":"sidebar-page.php","meta":{"footnotes":""},"categories":[4],"class_list":["post-36","page","type-page","status-publish","hentry","category-e-commerce-solutions"],"_links":{"self":[{"href":"https:\/\/plationline.eu\/ro\/wp-json\/wp\/v2\/pages\/36","targetHints":{"allow":["GET"]}}],"collection":[{"href":"https:\/\/plationline.eu\/ro\/wp-json\/wp\/v2\/pages"}],"about":[{"href":"https:\/\/plationline.eu\/ro\/wp-json\/wp\/v2\/types\/page"}],"author":[{"embeddable":true,"href":"https:\/\/plationline.eu\/ro\/wp-json\/wp\/v2\/users\/3"}],"replies":[{"embeddable":true,"href":"https:\/\/plationline.eu\/ro\/wp-json\/wp\/v2\/comments?post=36"}],"version-history":[{"count":10,"href":"https:\/\/plationline.eu\/ro\/wp-json\/wp\/v2\/pages\/36\/revisions"}],"predecessor-version":[{"id":67,"href":"https:\/\/plationline.eu\/ro\/wp-json\/wp\/v2\/pages\/36\/revisions\/67"}],"wp:attachment":[{"href":"https:\/\/plationline.eu\/ro\/wp-json\/wp\/v2\/media?parent=36"}],"wp:term":[{"taxonomy":"category","embeddable":true,"href":"https:\/\/plationline.eu\/ro\/wp-json\/wp\/v2\/categories?post=36"}],"curies":[{"name":"wp","href":"https:\/\/api.w.org\/{rel}","templated":true}]}}