{"id":208,"date":"2013-01-24T22:48:56","date_gmt":"2013-01-24T22:48:56","guid":{"rendered":"http:\/\/www.plationline.eu\/?page_id=208"},"modified":"2013-01-25T16:25:25","modified_gmt":"2013-01-25T16:25:25","slug":"website-enrollment","status":"publish","type":"page","link":"https:\/\/plationline.eu\/ro\/website-enrollment\/","title":{"rendered":"\u00cenregistrare website"},"content":{"rendered":"<p>\n<div class=\"wpcf7 no-js\" id=\"wpcf7-f222-o2\" lang=\"en-US\" dir=\"ltr\" data-wpcf7-id=\"222\">\n<div class=\"screen-reader-response\"><p role=\"status\" aria-live=\"polite\" aria-atomic=\"true\"><\/p> <ul><\/ul><\/div>\n<form action=\"\/ro\/wp-json\/wp\/v2\/pages\/208#wpcf7-f222-o2\" method=\"post\" class=\"wpcf7-form init\" aria-label=\"Contact form\" novalidate=\"novalidate\" data-status=\"init\">\n<div style=\"display: none;\">\n<input type=\"hidden\" name=\"_wpcf7\" value=\"222\" \/>\n<input type=\"hidden\" name=\"_wpcf7_version\" value=\"6.0.6\" \/>\n<input type=\"hidden\" name=\"_wpcf7_locale\" value=\"en_US\" \/>\n<input type=\"hidden\" name=\"_wpcf7_unit_tag\" value=\"wpcf7-f222-o2\" \/>\n<input type=\"hidden\" name=\"_wpcf7_container_post\" value=\"0\" \/>\n<input type=\"hidden\" name=\"_wpcf7_posted_data_hash\" value=\"\" \/>\n<input type=\"hidden\" name=\"_wpcf7_recaptcha_response\" value=\"\" \/>\n<\/div>\n<p><label>Nume \u0219i prenume (obligatoriu)<\/label><span class=\"wpcf7-form-control-wrap\" data-name=\"po-contact-person\"><input size=\"40\" maxlength=\"400\" class=\"wpcf7-form-control wpcf7-text wpcf7-validates-as-required\" aria-required=\"true\" aria-invalid=\"false\" value=\"\" type=\"text\" name=\"po-contact-person\" \/><\/span>\n<\/p>\n<p><label>Denumirea companiei (obligatoriu)<\/label><span class=\"wpcf7-form-control-wrap\" data-name=\"po-company\"><input size=\"40\" maxlength=\"400\" class=\"wpcf7-form-control wpcf7-text wpcf7-validates-as-required\" aria-required=\"true\" aria-invalid=\"false\" value=\"\" type=\"text\" name=\"po-company\" \/><\/span>\n<\/p>\n<p><label>URL Website (obligatoriu)<\/label><span class=\"wpcf7-form-control-wrap\" data-name=\"po-website-url\"><input size=\"40\" maxlength=\"400\" class=\"wpcf7-form-control wpcf7-text wpcf7-validates-as-required\" aria-required=\"true\" aria-invalid=\"false\" value=\"\" type=\"text\" name=\"po-website-url\" \/><\/span>\n<\/p>\n<p><label>E-Commerce Platform (required)<\/label><span class=\"wpcf7-form-control-wrap\" data-name=\"platforma\"><select class=\"wpcf7-form-control wpcf7-select wpcf7-validates-as-required platforma\" aria-required=\"true\" aria-invalid=\"false\" multiple=\"multiple\" name=\"platforma[]\"><option value=\".Net\">.Net<\/option><option value=\"PHP\">PHP<\/option><option value=\"Pyton\">Pyton<\/option><option value=\"Java\">Java<\/option><option value=\"Mobile App\">Mobile App<\/option><option value=\"nopCommerce\">nopCommerce<\/option><option value=\"PrestaShop 1.6\">PrestaShop 1.6<\/option><option value=\"PrestaShop 1.7\">PrestaShop 1.7<\/option><option value=\"Magento 1.9.x\">Magento 1.9.x<\/option><option value=\"Magento 2.x\">Magento 2.x<\/option><option value=\"OpenCart 2.x\">OpenCart 2.x<\/option><option value=\"OpenCart 3.x\">OpenCart 3.x<\/option><option value=\"OSCommerce\">OSCommerce<\/option><option value=\"WordPress -\">WordPress -<\/option><option value=\"WooCommerce\">WooCommerce<\/option><option value=\"GoMag.ro\">GoMag.ro<\/option><option value=\"1While.ro\">1While.ro<\/option><option value=\"ShopMania\">ShopMania<\/option><option value=\"ContentSpeed\">ContentSpeed<\/option><option value=\"Other platform\">Other platform<\/option><\/select><\/span>\n<\/p>\n<p><label>Metoda preferat\u0103 de contact (obligatoriu)<\/label><span class=\"wpcf7-form-control-wrap\" data-name=\"po-preferred-contact-method\"><select class=\"wpcf7-form-control wpcf7-select wpcf7-validates-as-required\" aria-required=\"true\" aria-invalid=\"false\" name=\"po-preferred-contact-method\"><option value=\"Email\">Email<\/option><option value=\"Phone\">Phone<\/option><\/select><\/span>\n<\/p>\n<p><label>Email (obligatoriu)<\/label><span class=\"wpcf7-form-control-wrap\" data-name=\"po-email\"><input size=\"40\" maxlength=\"400\" class=\"wpcf7-form-control wpcf7-email wpcf7-validates-as-required wpcf7-text wpcf7-validates-as-email\" aria-required=\"true\" aria-invalid=\"false\" value=\"\" type=\"email\" name=\"po-email\" \/><\/span>\n<\/p>\n<p><label>Telefon (obligatoriu)<\/label><span class=\"wpcf7-form-control-wrap\" data-name=\"po-phone\"><input size=\"40\" maxlength=\"400\" class=\"wpcf7-form-control wpcf7-text wpcf7-validates-as-required\" aria-required=\"true\" aria-invalid=\"false\" value=\"\" type=\"text\" name=\"po-phone\" \/><\/span>\n<\/p>\n<p class=\"contact-message separator\"><label>Interval de contact (obligatoriu)<\/label><span class=\"wpcf7-form-control-wrap\" data-name=\"po-contact-interval\"><textarea cols=\"40\" rows=\"10\" maxlength=\"2000\" class=\"wpcf7-form-control wpcf7-textarea\" aria-invalid=\"false\" name=\"po-contact-interval\">Pot fi contactat(\u0103) \u00eentre orele   ........   de   .......   p\u00e2n\u0103   ........   pentru a discuta condi\u0163iile colabor\u0103rii cu Pl\u0103\u0163i Online.<\/textarea><\/span>\n<\/p>\n<p class=\"contact-message separator\"><label>Domeniul de activitate (obligatoriu)<\/label><span class=\"wpcf7-form-control-wrap\" data-name=\"po-industry\"><span class=\"wpcf7-form-control wpcf7-checkbox\"><span class=\"wpcf7-list-item first\"><label><input type=\"checkbox\" name=\"po-industry[]\" value=\"Asigur\u0103ri\" \/><span class=\"wpcf7-list-item-label\">Asigur\u0103ri<\/span><\/label><\/span><span class=\"wpcf7-list-item\"><label><input type=\"checkbox\" name=\"po-industry[]\" value=\"Turism\" \/><span class=\"wpcf7-list-item-label\">Turism<\/span><\/label><\/span><span class=\"wpcf7-list-item\"><label><input type=\"checkbox\" name=\"po-industry[]\" value=\"Internet si telecomunica\u021bii\" \/><span class=\"wpcf7-list-item-label\">Internet si telecomunica\u021bii<\/span><\/label><\/span><span class=\"wpcf7-list-item\"><label><input type=\"checkbox\" name=\"po-industry[]\" value=\"Cryptocurrency BitCoin&amp;Ethereum\" \/><span class=\"wpcf7-list-item-label\">Cryptocurrency BitCoin&amp;Ethereum<\/span><\/label><\/span><span class=\"wpcf7-list-item\"><label><input type=\"checkbox\" name=\"po-industry[]\" value=\"Farmacie\/Plafar\" \/><span class=\"wpcf7-list-item-label\">Farmacie\/Plafar<\/span><\/label><\/span><span class=\"wpcf7-list-item\"><label><input type=\"checkbox\" name=\"po-industry[]\" value=\"Libr\u0103rie\" \/><span class=\"wpcf7-list-item-label\">Libr\u0103rie<\/span><\/label><\/span><span class=\"wpcf7-list-item\"><label><input type=\"checkbox\" name=\"po-industry[]\" value=\"IT Hardware\/Software\" \/><span class=\"wpcf7-list-item-label\">IT Hardware\/Software<\/span><\/label><\/span><span class=\"wpcf7-list-item\"><label><input type=\"checkbox\" name=\"po-industry[]\" value=\"Media\" \/><span class=\"wpcf7-list-item-label\">Media<\/span><\/label><\/span><span class=\"wpcf7-list-item\"><label><input type=\"checkbox\" name=\"po-industry[]\" value=\"Bilete \u0219i abonamente\" \/><span class=\"wpcf7-list-item-label\">Bilete \u0219i abonamente<\/span><\/label><\/span><span class=\"wpcf7-list-item\"><label><input type=\"checkbox\" name=\"po-industry[]\" value=\"General (mall online)\" \/><span class=\"wpcf7-list-item-label\">General (mall online)<\/span><\/label><\/span><span class=\"wpcf7-list-item\"><label><input type=\"checkbox\" name=\"po-industry[]\" value=\"Adult (peste 18 ani)\" \/><span class=\"wpcf7-list-item-label\">Adult (peste 18 ani)<\/span><\/label><\/span><span class=\"wpcf7-list-item\"><label><input type=\"checkbox\" name=\"po-industry[]\" value=\"Jocuri de noroc\" \/><span class=\"wpcf7-list-item-label\">Jocuri de noroc<\/span><\/label><\/span><span class=\"wpcf7-list-item\"><label><input type=\"checkbox\" name=\"po-industry[]\" value=\"Comunit\u0103\u021bi online\" \/><span class=\"wpcf7-list-item-label\">Comunit\u0103\u021bi online<\/span><\/label><\/span><span class=\"wpcf7-list-item\"><label><input type=\"checkbox\" name=\"po-industry[]\" value=\"Donatii\" \/><span class=\"wpcf7-list-item-label\">Donatii<\/span><\/label><\/span><span class=\"wpcf7-list-item last\"><label><input type=\"checkbox\" name=\"po-industry[]\" value=\"Alt domeniu\" \/><span class=\"wpcf7-list-item-label\">Alt domeniu<\/span><\/label><\/span><\/span><\/span>\n<\/p>\n<p class=\"contact-message separator\"><label>Metode de plat\u0103 dorite<\/label><span class=\"wpcf7-form-control-wrap\" data-name=\"po-payment-methods\"><span class=\"wpcf7-form-control wpcf7-checkbox\"><span class=\"wpcf7-list-item first\"><label><input type=\"checkbox\" name=\"po-payment-methods[]\" value=\"online cu carduri MasterCard \u0219i Visa prin mediul 3D Secure\" \/><span class=\"wpcf7-list-item-label\">online cu carduri MasterCard \u0219i Visa prin mediul 3D Secure<\/span><\/label><\/span><span class=\"wpcf7-list-item\"><label><input type=\"checkbox\" name=\"po-payment-methods[]\" value=\"plati recurente online cu carduri MasterCard \u0219i Visa prin mediul 3D Secure\" \/><span class=\"wpcf7-list-item-label\">plati recurente online cu carduri MasterCard \u0219i Visa prin mediul 3D Secure<\/span><\/label><\/span><span class=\"wpcf7-list-item\"><label><input type=\"checkbox\" name=\"po-payment-methods[]\" value=\"online \u00een rate cu Carduri de cump\u0103r\u0103turi Raiffeisen Bank\" \/><span class=\"wpcf7-list-item-label\">online \u00een rate cu Carduri de cump\u0103r\u0103turi Raiffeisen Bank<\/span><\/label><\/span><span class=\"wpcf7-list-item\"><label><input type=\"checkbox\" name=\"po-payment-methods[]\" value=\"online \u00een rate cu Carduri de credit BRD Finance\" \/><span class=\"wpcf7-list-item-label\">online \u00een rate cu Carduri de credit BRD Finance<\/span><\/label><\/span><span class=\"wpcf7-list-item\"><label><input type=\"checkbox\" name=\"po-payment-methods[]\" value=\"online \u00een rate cu Carduri de credit Banca Transilvania \u00een cadrul programului StarBt\" \/><span class=\"wpcf7-list-item-label\">online \u00een rate cu Carduri de credit Banca Transilvania \u00een cadrul programului StarBt<\/span><\/label><\/span><span class=\"wpcf7-list-item\"><label><input type=\"checkbox\" name=\"po-payment-methods[]\" value=\"ordine de plat\u0103 emise online cu plata numerar la Raiffeisen Bank\" \/><span class=\"wpcf7-list-item-label\">ordine de plat\u0103 emise online cu plata numerar la Raiffeisen Bank<\/span><\/label><\/span><span class=\"wpcf7-list-item\"><label><input type=\"checkbox\" name=\"po-payment-methods[]\" value=\"ordine de plat\u0103 emise online cu plata numerar la Po\u0219ta Rom\u00e2n\u0103\" \/><span class=\"wpcf7-list-item-label\">ordine de plat\u0103 emise online cu plata numerar la Po\u0219ta Rom\u00e2n\u0103<\/span><\/label><\/span><span class=\"wpcf7-list-item\"><label><input type=\"checkbox\" name=\"po-payment-methods[]\" value=\"MPOS Android\" \/><span class=\"wpcf7-list-item-label\">MPOS Android<\/span><\/label><\/span><span class=\"wpcf7-list-item\"><label><input type=\"checkbox\" name=\"po-payment-methods[]\" value=\"tranzactii MO\/TO (mail order\/telephone order \/ virtual terminal)\" \/><span class=\"wpcf7-list-item-label\">tranzactii MO\/TO (mail order\/telephone order \/ virtual terminal)<\/span><\/label><\/span><span class=\"wpcf7-list-item\"><label><input type=\"checkbox\" name=\"po-payment-methods[]\" value=\"Livrare colete in Pachetomatele PostaPanduri.ro (serviciul Click&amp;Collect oferit de LivrariOnline.ro si PlatiOnline.ro)\" \/><span class=\"wpcf7-list-item-label\">Livrare colete in Pachetomatele PostaPanduri.ro (serviciul Click&amp;Collect oferit de LivrariOnline.ro si PlatiOnline.ro)<\/span><\/label><\/span><span class=\"wpcf7-list-item last\"><label><input type=\"checkbox\" name=\"po-payment-methods[]\" value=\"Cryptocurrency BitCoin&amp;Ethereum\" \/><span class=\"wpcf7-list-item-label\">Cryptocurrency BitCoin&amp;Ethereum<\/span><\/label><\/span><\/span><\/span>\n<\/p>\n<p class=\"contact-message\">\n<\/p>\n\n<p><input class=\"wpcf7-form-control wpcf7-submit has-spinner\" type=\"submit\" value=\"Send\" \/>\n<\/p><div class=\"wpcf7-response-output\" aria-hidden=\"true\"><\/div>\n<\/form>\n<\/div>\n<\/p>","protected":false},"excerpt":{"rendered":"","protected":false},"author":3,"featured_media":0,"parent":0,"menu_order":0,"comment_status":"closed","ping_status":"closed","template":"sidebar-page.php","meta":{"footnotes":""},"class_list":["post-208","page","type-page","status-publish","hentry"],"_links":{"self":[{"href":"https:\/\/plationline.eu\/ro\/wp-json\/wp\/v2\/pages\/208","targetHints":{"allow":["GET"]}}],"collection":[{"href":"https:\/\/plationline.eu\/ro\/wp-json\/wp\/v2\/pages"}],"about":[{"href":"https:\/\/plationline.eu\/ro\/wp-json\/wp\/v2\/types\/page"}],"author":[{"embeddable":true,"href":"https:\/\/plationline.eu\/ro\/wp-json\/wp\/v2\/users\/3"}],"replies":[{"embeddable":true,"href":"https:\/\/plationline.eu\/ro\/wp-json\/wp\/v2\/comments?post=208"}],"version-history":[{"count":6,"href":"https:\/\/plationline.eu\/ro\/wp-json\/wp\/v2\/pages\/208\/revisions"}],"predecessor-version":[{"id":223,"href":"https:\/\/plationline.eu\/ro\/wp-json\/wp\/v2\/pages\/208\/revisions\/223"}],"wp:attachment":[{"href":"https:\/\/plationline.eu\/ro\/wp-json\/wp\/v2\/media?parent=208"}],"curies":[{"name":"wp","href":"https:\/\/api.w.org\/{rel}","templated":true}]}}