{"id":172,"date":"2012-09-17T21:32:42","date_gmt":"2012-09-17T21:32:42","guid":{"rendered":"http:\/\/www.plationline.eu\/?page_id=172"},"modified":"2014-10-05T18:36:10","modified_gmt":"2014-10-05T18:36:10","slug":"contact","status":"publish","type":"page","link":"https:\/\/plationline.eu\/ro\/contact\/","title":{"rendered":"Contact"},"content":{"rendered":"<p>[ready_google_map id=&#8217;1&#8242;]<\/p>\n<h3>Formular de contact<\/h3>\n\n<div class=\"wpcf7 no-js\" id=\"wpcf7-f171-o2\" lang=\"en-US\" dir=\"ltr\" data-wpcf7-id=\"171\">\n<div class=\"screen-reader-response\"><p role=\"status\" aria-live=\"polite\" aria-atomic=\"true\"><\/p> <ul><\/ul><\/div>\n<form action=\"\/ro\/wp-json\/wp\/v2\/pages\/172#wpcf7-f171-o2\" method=\"post\" class=\"wpcf7-form init\" aria-label=\"Contact form\" novalidate=\"novalidate\" data-status=\"init\">\n<div style=\"display: none;\">\n<input type=\"hidden\" name=\"_wpcf7\" value=\"171\" \/>\n<input type=\"hidden\" name=\"_wpcf7_version\" value=\"6.0.6\" \/>\n<input type=\"hidden\" name=\"_wpcf7_locale\" value=\"en_US\" \/>\n<input type=\"hidden\" name=\"_wpcf7_unit_tag\" value=\"wpcf7-f171-o2\" \/>\n<input type=\"hidden\" name=\"_wpcf7_container_post\" value=\"0\" \/>\n<input type=\"hidden\" name=\"_wpcf7_posted_data_hash\" value=\"\" \/>\n<input type=\"hidden\" name=\"_wpcf7_recaptcha_response\" value=\"\" \/>\n<\/div>\n<p><label>Your Name (required)<\/label><span class=\"wpcf7-form-control-wrap\" data-name=\"your-name\"><input size=\"40\" maxlength=\"400\" class=\"wpcf7-form-control wpcf7-text wpcf7-validates-as-required\" aria-required=\"true\" aria-invalid=\"false\" value=\"\" type=\"text\" name=\"your-name\" \/><\/span>\n<\/p>\n<p><label>Your Email (required)<\/label><span class=\"wpcf7-form-control-wrap\" data-name=\"your-email\"><input size=\"40\" maxlength=\"400\" class=\"wpcf7-form-control wpcf7-email wpcf7-validates-as-required wpcf7-text wpcf7-validates-as-email\" aria-required=\"true\" aria-invalid=\"false\" value=\"\" type=\"email\" name=\"your-email\" \/><\/span>\n<\/p>\n<p class=\"contact-message\"><label>Your Message<\/label><span class=\"wpcf7-form-control-wrap\" data-name=\"your-message\"><textarea cols=\"40\" rows=\"10\" maxlength=\"2000\" class=\"wpcf7-form-control wpcf7-textarea\" aria-invalid=\"false\" name=\"your-message\"><\/textarea><\/span>\n<\/p>\n<p class=\"contact-message\">\n<\/p>\n\n<p><input class=\"wpcf7-form-control wpcf7-submit has-spinner\" type=\"submit\" value=\"Send\" \/>\n<\/p><div class=\"wpcf7-response-output\" aria-hidden=\"true\"><\/div>\n<\/form>\n<\/div>\n\n<h2>V\u00e2nz\u0103ri<\/h2>\n<p>Dept. de V\u00e2nz\u0103ri pentru semnarea contractelor de comerciant Pl\u0103\u0163i Online.<br \/>\n<strong>Orar<\/strong>: Luni-Vineri 9AM \u2013 18 PM<br \/>\n<strong>Telefon<\/strong>: 031.103.42.97\/98\/99<br \/>\n<strong>Telefon<\/strong>: 021.539.07.00\/01<br \/>\n<strong>E-mail<\/strong>: <a href=\"mailto:sales%28at%29c-solution.biz\">sales(at)c-solution(dot)biz<\/a><\/p>\n<h2><span style=\"font-size: medium;\">Rela\u0163ii cu clien\u0163ii<\/span><\/h2>\n<p>Dept. Rela\u0163ii cu Clien\u0163ii pentru support tehnic, facturare \u015fi raportare.<br \/>\n<strong>Orar<\/strong>: Zilnic: 8AM \u2013 22 PM<br \/>\n<strong>Telefon<\/strong>: 031.103.42.97\/98\/99<br \/>\n<strong>E-mail<\/strong>: <a href=\"mailto:support%28at%29c-solution.biz\">support(at)c-solution(dot)biz<\/a><\/p>\n<h2><span style=\"font-size: medium;\">B\u0103ncile comerciale<\/span><\/h2>\n<p>B\u0103ncile interesate s\u0103 colaboreze cu Pl\u0103\u021biOnline.ro pot contacta direct departamentul de management.<br \/>\n<strong>Orar<\/strong>: Luni-Vineri: 9AM \u2013 18 PM<br \/>\n<strong>Telefon<\/strong>: 021.539.07.03<br \/>\n<strong>E-mail<\/strong>: <a href=\"mailto:management%28at%29c-solution.biz\">management(at)c-solution(dot)biz<\/a><\/p>\n<h2><span style=\"font-size: medium;\">Presa<\/span><\/h2>\n<p>Presa interesat\u0103 s\u0103 participe la evenimente este invitat\u0103 s\u0103 contacteze departamentul de management.<br \/>\n<strong>Orar<\/strong>: Zilnic: 8AM \u2013 18 PM<br \/>\n<strong>Telefon<\/strong>: 021.539.07.03<br \/>\n<strong>E-mail<\/strong>: <a href=\"mailto:management%28at%29c-solution.biz\">management(at)c-solution(dot)biz<\/a><\/p>\n<h2><span style=\"font-size: medium;\">Reseller Support<\/span><\/h2>\n<p>Companiile partenere sunt invitate s\u0103 contacteze Dept. de V\u00e2nz\u0103ri pentru \u00eencheierea de contracte de reseller.<br \/>\n<strong>Orar<\/strong>: Zilnic: 9AM \u2013 18 PM<br \/>\n<strong>Telefon<\/strong>: 031.103.42.97\/98\/99<br \/>\n<strong>E-mail<\/strong>: <a href=\"mailto:resellers%28at%29c-solution.biz\"> resellers(at)c-solution(dot)biz<\/a><\/p>\n<hr \/>\n<h2><span style=\"font-size: medium;\">Bucure\u015fti &#8211; Sediul social<\/span><\/h2>\n<p>Str. Aleea Callatis nr. 7, Sector 6, Bucure\u015fti<\/p>\n<h2><span style=\"font-size: medium;\">Bucure\u015fti &#8211; Punct de lucru<\/span><\/h2>\n<p>Str. Panduri nr. 71, Sector 5, Bucure\u015fti<\/p>\n<h2><span style=\"font-size: medium;\">Br\u0103ila &#8211; Punct de lucru<\/span><\/h2>\n<p>Calea C\u0103l\u0103ra\u015filor nr. 161A, Br\u0103ila<\/p>","protected":false},"excerpt":{"rendered":"<p>[ready_google_map id=&#8217;1&#8242;] Formular de contact V\u00e2nz\u0103ri Dept. de V\u00e2nz\u0103ri pentru semnarea contractelor de comerciant Pl\u0103\u0163i Online. Orar: Luni-Vineri 9AM \u2013&hellip; <span class=\"full-story\">full story&nbsp;<span class=\"read-more-sign\">&raquo;<\/span><\/span><\/p>\n","protected":false},"author":3,"featured_media":0,"parent":0,"menu_order":0,"comment_status":"closed","ping_status":"closed","template":"sidebar-page.php","meta":{"footnotes":""},"class_list":["post-172","page","type-page","status-publish","hentry"],"_links":{"self":[{"href":"https:\/\/plationline.eu\/ro\/wp-json\/wp\/v2\/pages\/172","targetHints":{"allow":["GET"]}}],"collection":[{"href":"https:\/\/plationline.eu\/ro\/wp-json\/wp\/v2\/pages"}],"about":[{"href":"https:\/\/plationline.eu\/ro\/wp-json\/wp\/v2\/types\/page"}],"author":[{"embeddable":true,"href":"https:\/\/plationline.eu\/ro\/wp-json\/wp\/v2\/users\/3"}],"replies":[{"embeddable":true,"href":"https:\/\/plationline.eu\/ro\/wp-json\/wp\/v2\/comments?post=172"}],"version-history":[{"count":14,"href":"https:\/\/plationline.eu\/ro\/wp-json\/wp\/v2\/pages\/172\/revisions"}],"predecessor-version":[{"id":445,"href":"https:\/\/plationline.eu\/ro\/wp-json\/wp\/v2\/pages\/172\/revisions\/445"}],"wp:attachment":[{"href":"https:\/\/plationline.eu\/ro\/wp-json\/wp\/v2\/media?parent=172"}],"curies":[{"name":"wp","href":"https:\/\/api.w.org\/{rel}","templated":true}]}}